{"id":325,"date":"2026-01-18T16:44:33","date_gmt":"2026-01-18T14:44:33","guid":{"rendered":"https:\/\/tmdigitalmarketing.com\/contact\/"},"modified":"2026-04-17T08:46:04","modified_gmt":"2026-04-17T06:46:04","slug":"kontakt","status":"publish","type":"page","link":"https:\/\/tmdigitalmarketing.com\/en\/kontakt\/","title":{"rendered":"Contact"},"content":{"rendered":"\t\t<div data-elementor-type=\"wp-page\" data-elementor-id=\"325\" class=\"elementor elementor-325\" data-elementor-post-type=\"page\">\n\t\t\t\t\t\t<section class=\"elementor-section elementor-top-section elementor-element elementor-element-e7b3215 elementor-section-height-min-height elementor-section-items-bottom elementor-section-boxed elementor-section-height-default\" data-id=\"e7b3215\" data-element_type=\"section\" data-e-type=\"section\" data-settings=\"{&quot;background_background&quot;:&quot;classic&quot;}\">\n\t\t\t\t\t\t\t<div class=\"elementor-background-overlay\"><\/div>\n\t\t\t\t\t\t\t<div class=\"elementor-container elementor-column-gap-no\">\n\t\t\t\t\t<div class=\"elementor-column elementor-col-100 elementor-top-column elementor-element elementor-element-65dd258\" data-id=\"65dd258\" data-element_type=\"column\" data-e-type=\"column\">\n\t\t\t<div class=\"elementor-widget-wrap elementor-element-populated\">\n\t\t\t\t\t\t<div class=\"elementor-element elementor-element-a78645c elementor-widget elementor-widget-heading\" data-id=\"a78645c\" data-element_type=\"widget\" data-e-type=\"widget\" data-widget_type=\"heading.default\">\n\t\t\t\t\t<h6 class=\"elementor-heading-title elementor-size-default\">Stopite v stik z nami<\/h6>\t\t\t\t<\/div>\n\t\t\t\t<div class=\"elementor-element elementor-element-ffd450a elementor-widget elementor-widget-heading\" data-id=\"ffd450a\" data-element_type=\"widget\" data-e-type=\"widget\" data-widget_type=\"heading.default\">\n\t\t\t\t\t<h1 class=\"elementor-heading-title elementor-size-default\">Kontakt<\/h1>\t\t\t\t<\/div>\n\t\t\t\t<div class=\"elementor-element elementor-element-70a8cde elementor-widget elementor-widget-heading\" data-id=\"70a8cde\" data-element_type=\"widget\" data-e-type=\"widget\" data-widget_type=\"heading.default\">\n\t\t\t\t\t<div class=\"elementor-heading-title elementor-size-default\">Kreativnost, pripovedovanje zgodb in tehnologija so z nami v slu\u017ebi spletnih strani, ki izstopajo.<\/div>\t\t\t\t<\/div>\n\t\t\t\t\t<\/div>\n\t\t<\/div>\n\t\t\t\t\t<\/div>\n\t\t<\/section>\n\t\t\t\t<section class=\"elementor-section elementor-top-section elementor-element elementor-element-34b87ee elementor-section-content-top elementor-section-boxed elementor-section-height-default elementor-section-height-default\" data-id=\"34b87ee\" data-element_type=\"section\" data-e-type=\"section\">\n\t\t\t\t\t\t<div class=\"elementor-container elementor-column-gap-no\">\n\t\t\t\t\t<div class=\"elementor-column elementor-col-50 elementor-top-column elementor-element elementor-element-378e37c\" data-id=\"378e37c\" data-element_type=\"column\" data-e-type=\"column\">\n\t\t\t<div class=\"elementor-widget-wrap elementor-element-populated\">\n\t\t\t\t\t\t<div class=\"elementor-element elementor-element-7886f20 elementor-invisible elementor-widget elementor-widget-heading\" data-id=\"7886f20\" data-element_type=\"widget\" data-e-type=\"widget\" data-settings=\"{&quot;_animation&quot;:&quot;slideInDown&quot;}\" data-widget_type=\"heading.default\">\n\t\t\t\t\t<h6 class=\"elementor-heading-title elementor-size-default\">Uresni\u010dimo va\u0161e sanje skupaj<\/h6>\t\t\t\t<\/div>\n\t\t\t\t<div class=\"elementor-element elementor-element-66d241c elementor-invisible elementor-widget elementor-widget-heading\" data-id=\"66d241c\" data-element_type=\"widget\" data-e-type=\"widget\" data-settings=\"{&quot;_animation&quot;:&quot;slideInUp&quot;}\" data-widget_type=\"heading.default\">\n\t\t\t\t\t<h2 class=\"elementor-heading-title elementor-size-default\">Ne oklevajte in stopite v stik z nami.<\/h2>\t\t\t\t<\/div>\n\t\t\t\t<div class=\"elementor-element elementor-element-f869868 elementor-widget-divider--view-line elementor-invisible elementor-widget elementor-widget-divider\" data-id=\"f869868\" data-element_type=\"widget\" data-e-type=\"widget\" data-settings=\"{&quot;_animation&quot;:&quot;rotateInUpLeft&quot;}\" data-widget_type=\"divider.default\">\n\t\t\t\t\t\t\t<div class=\"elementor-divider\">\n\t\t\t<span class=\"elementor-divider-separator\">\n\t\t\t\t\t\t<\/span>\n\t\t<\/div>\n\t\t\t\t\t\t<\/div>\n\t\t\t\t<div class=\"elementor-element elementor-element-77c77e3 elementor-invisible elementor-widget elementor-widget-text-editor\" data-id=\"77c77e3\" data-element_type=\"widget\" data-e-type=\"widget\" data-settings=\"{&quot;_animation&quot;:&quot;slideInUp&quot;}\" data-widget_type=\"text-editor.default\">\n\t\t\t\t\t\t\t\t\t<p>Imate projekt, vpra\u0161anje ali idejo? Pi\u0161ite nam! Skupaj pripravimo digitalno strategijo, ki podpira va\u0161e poslovne cilje. Od prvega pogovora dalje vas vodimo skozi celoten proces.<\/p>\t\t\t\t\t\t\t\t<\/div>\n\t\t\t\t<div class=\"elementor-element elementor-element-77a0bf7 elementor-position-inline-start elementor-view-default elementor-mobile-position-block-start elementor-invisible elementor-widget elementor-widget-icon-box\" data-id=\"77a0bf7\" data-element_type=\"widget\" data-e-type=\"widget\" data-settings=\"{&quot;_animation&quot;:&quot;zoomIn&quot;}\" data-widget_type=\"icon-box.default\">\n\t\t\t\t\t\t\t<div class=\"elementor-icon-box-wrapper\">\n\n\t\t\t\t\t\t<div class=\"elementor-icon-box-icon\">\n\t\t\t\t<a href=\"tel:+38631766180\" class=\"elementor-icon\" tabindex=\"-1\" aria-label=\"Phone\">\n\t\t\t\t<svg aria-hidden=\"true\" class=\"e-font-icon-svg e-fas-phone\" viewBox=\"0 0 512 512\" xmlns=\"http:\/\/www.w3.org\/2000\/svg\"><path d=\"M493.4 24.6l-104-24c-11.3-2.6-22.9 3.3-27.5 13.9l-48 112c-4.2 9.8-1.4 21.3 6.9 28l60.6 49.6c-36 76.7-98.9 140.5-177.2 177.2l-49.6-60.6c-6.8-8.3-18.2-11.1-28-6.9l-112 48C3.9 366.5-2 378.1.6 389.4l24 104C27.1 504.2 36.7 512 48 512c256.1 0 464-207.5 464-464 0-11.2-7.7-20.9-18.6-23.4z\"><\/path><\/svg>\t\t\t\t<\/a>\n\t\t\t<\/div>\n\t\t\t\n\t\t\t\t\t\t<div class=\"elementor-icon-box-content\">\n\n\t\t\t\t\t\t\t\t\t<h6 class=\"elementor-icon-box-title\">\n\t\t\t\t\t\t<a href=\"tel:+38631766180\" >\n\t\t\t\t\t\t\tPhone\t\t\t\t\t\t<\/a>\n\t\t\t\t\t<\/h6>\n\t\t\t\t\n\t\t\t\t\t\t\t\t\t<p class=\"elementor-icon-box-description\">\n\t\t\t\t\t\t+386 31 766 180\t\t\t\t\t<\/p>\n\t\t\t\t\n\t\t\t<\/div>\n\t\t\t\n\t\t<\/div>\n\t\t\t\t\t\t<\/div>\n\t\t\t\t<div class=\"elementor-element elementor-element-a0dbcd4 elementor-position-inline-start elementor-view-default elementor-mobile-position-block-start elementor-invisible elementor-widget elementor-widget-icon-box\" data-id=\"a0dbcd4\" data-element_type=\"widget\" data-e-type=\"widget\" data-settings=\"{&quot;_animation&quot;:&quot;zoomIn&quot;}\" data-widget_type=\"icon-box.default\">\n\t\t\t\t\t\t\t<div class=\"elementor-icon-box-wrapper\">\n\n\t\t\t\t\t\t<div class=\"elementor-icon-box-icon\">\n\t\t\t\t<a href=\"mailto:info@tmdigitalmarketing.com\" class=\"elementor-icon\" tabindex=\"-1\" aria-label=\"Email\">\n\t\t\t\t<svg aria-hidden=\"true\" class=\"e-font-icon-svg e-fas-envelope\" viewBox=\"0 0 512 512\" xmlns=\"http:\/\/www.w3.org\/2000\/svg\"><path d=\"M502.3 190.8c3.9-3.1 9.7-.2 9.7 4.7V400c0 26.5-21.5 48-48 48H48c-26.5 0-48-21.5-48-48V195.6c0-5 5.7-7.8 9.7-4.7 22.4 17.4 52.1 39.5 154.1 113.6 21.1 15.4 56.7 47.8 92.2 47.6 35.7.3 72-32.8 92.3-47.6 102-74.1 131.6-96.3 154-113.7zM256 320c23.2.4 56.6-29.2 73.4-41.4 132.7-96.3 142.8-104.7 173.4-128.7 5.8-4.5 9.2-11.5 9.2-18.9v-19c0-26.5-21.5-48-48-48H48C21.5 64 0 85.5 0 112v19c0 7.4 3.4 14.3 9.2 18.9 30.6 23.9 40.7 32.4 173.4 128.7 16.8 12.2 50.2 41.8 73.4 41.4z\"><\/path><\/svg>\t\t\t\t<\/a>\n\t\t\t<\/div>\n\t\t\t\n\t\t\t\t\t\t<div class=\"elementor-icon-box-content\">\n\n\t\t\t\t\t\t\t\t\t<h6 class=\"elementor-icon-box-title\">\n\t\t\t\t\t\t<a href=\"mailto:info@tmdigitalmarketing.com\" >\n\t\t\t\t\t\t\tEmail\t\t\t\t\t\t<\/a>\n\t\t\t\t\t<\/h6>\n\t\t\t\t\n\t\t\t\t\t\t\t\t\t<p class=\"elementor-icon-box-description\">\n\t\t\t\t\t\tinfo@tmdigitalmarketing.com\t\t\t\t\t<\/p>\n\t\t\t\t\n\t\t\t<\/div>\n\t\t\t\n\t\t<\/div>\n\t\t\t\t\t\t<\/div>\n\t\t\t\t\t<\/div>\n\t\t<\/div>\n\t\t\t\t<div class=\"elementor-column elementor-col-50 elementor-top-column elementor-element elementor-element-ace74ef\" data-id=\"ace74ef\" data-element_type=\"column\" data-e-type=\"column\">\n\t\t\t<div class=\"elementor-widget-wrap elementor-element-populated\">\n\t\t\t\t\t\t<div class=\"elementor-element elementor-element-585860d elementor-widget elementor-widget-shortcode\" data-id=\"585860d\" data-element_type=\"widget\" data-e-type=\"widget\" data-settings=\"{&quot;_animation&quot;:&quot;none&quot;}\" data-widget_type=\"shortcode.default\">\n\t\t\t\t\t\t\t<div class=\"elementor-shortcode\">\n<style>\n\/* --- CSS ostane podoben prej\u0161njemu --- *\/  #kontakt {\n  scroll-margin-top: 170px; \/* vi\u0161ina fiksnega headerja *\/\n}\n.premium-contact-wrapper { max-width:800px; margin:40px auto; padding:40px; background:#fff; border-radius:18px; box-shadow:0 20px 50px rgba(0,0,0,0.08); font-family:'Segoe UI',sans-serif; }\n.modern-field { position:relative; margin-bottom:22px; }\n.modern-field input, .modern-field textarea, .modern-field select { width:100%; padding:18px 16px; font-size:16px; border:1px dotted #735240; border-radius:18px; outline:none; background:transparent; box-sizing:border-box; }\n.modern-field label { position:absolute; top:18px; left:18px; font-size:16px; color:#735240; background:#fff; padding:0 8px; transition:all .25s ease; pointer-events:none; }\n.modern-field input:focus + label, .modern-field input:not(:placeholder-shown) + label, .modern-field textarea:focus + label, .modern-field textarea:valid + label { top:-10px; font-size:13px; color:#735240; }\n.modern-field select { appearance:none; -webkit-appearance:none; -moz-appearance:none; background-image:url(\"data:image\/svg+xml;utf8,<svg viewBox='0 0 24 24' fill='%23735240' xmlns='http:\/\/www.w3.org\/2000\/svg'><path d='M7 10l5 5 5-5z'\/><\/svg>\"); background-repeat:no-repeat; background-position:right 16px center; background-size:18px; padding-right:45px; cursor:pointer; }\n.premium-contact-wrapper button { width:100%; padding:15px; background:#735240; color:white; border:none; border-radius:12px; font-size:16px; cursor:pointer; transition:all .25s ease; position:relative; }\n.premium-contact-wrapper button:disabled { background:#b2998c; cursor:not-allowed; opacity:.6; }\n.premium-contact-wrapper button .spinner { display:none; position:absolute; right:20px; top:50%; transform:translateY(-50%); border:2px solid #fff; border-top:2px solid #8b5e4c; border-radius:50%; width:16px; height:16px; animation:spin 0.8s linear infinite; }\n@keyframes spin { 0% { transform:translateY(-50%) rotate(0deg);} 100% { transform:translateY(-50%) rotate(360deg);} }\n.premium-success{ display:none; background:#dcfce7; padding:15px; border-radius:10px; margin-bottom:20px;}\n.premium-error{ display:none; background:#fee2e2; padding:15px; border-radius:10px; margin-bottom:20px;}\n.gdpr-row{display:flex; align-items:center; gap:10px; margin-bottom:22px; font-size:14px; cursor:pointer;}\n.gdpr-row input[type=\"checkbox\"]{appearance:none; width:18px; height:18px; border:2px solid #735240; border-radius:4px; position:relative; cursor:pointer;flex-shrink:0;}\n.gdpr-row input[type=\"checkbox\"]:checked{background:#735240; background-image:url(\"data:image\/svg+xml;utf8,<svg viewBox='0 0 20 20' fill='white' xmlns='http:\/\/www.w3.org\/2000\/svg'><path d='M7.629 13.233L4.4 10l-1.4 1.4 4.629 4.629L17 6.657l-1.4-1.4z'\/><\/svg>\"); background-repeat:no-repeat; background-position:center; background-size:14px;}\n<\/style>\n\n<div id=\"kontakt\" class=\"premium-contact-wrapper\">\n    <div class=\"premium-success\">Hvala! Va\u0161e sporo\u010dilo je bilo poslano.<\/div>\n    <div class=\"premium-error\">Napaka! Poskusite ponovno.<\/div>\n    <div class=\"contact-box\">\n  \t<h3><strong>Sporo\u010dite nam, kaj vas zanima ali kak\u0161en izziv \u017eelite re\u0161iti.<\/strong><\/h3>\n  \t<p>Po\u0161ljite nam kratek opis va\u0161ega izziva ali ideje. Odgovorili bomo v najkraj\u0161em mo\u017enem \u010dasu.<\/p>\n\t<\/div>\n    <form method=\"post\" class=\"premium-form-ajax\" action=\"\">\n        <div class=\"modern-field\"><input type=\"text\" name=\"name\" required placeholder=\" \"><label>Ime in priimek *<\/label><\/div>\n        <div class=\"modern-field\"><input type=\"email\" name=\"email\" required placeholder=\" \"><label>Va\u0161 email naslov *<\/label><\/div>\n        <div class=\"modern-field\"><input type=\"text\" name=\"phone\" placeholder=\" \"><label>Telefon *<\/label><\/div>\n        <div class=\"modern-field\">\n            <select name=\"subject\" required>\n                <option value=\"\">Izberite zadevo<\/option>\n                <option>Izdelava spletnih strani<\/option>\n                <option>Upravljanje dru\u017ebenih omre\u017eij<\/option>\n                <option>Pisanje besedil<\/option>\n                <option>Svetovanje<\/option>\n            <\/select>\n        <\/div>\n        <div class=\"modern-field\"><textarea name=\"message\" rows=\"5\" required placeholder=\" \"><\/textarea><label>Va\u0161e sporo\u010dilo<\/label><\/div>Obdelava osebnih podatkov *\n        <label class=\"gdpr-row\"><input type=\"checkbox\" class=\"gdpr-check\"><span>\n Dovolim po\u0161iljanje mojih podatkov. Podatke potrebujemo, da vam lahko odgovorimo. Va\u0161ih podatkov za druge namene ne obdelujemo ter jih ne posredujemo tretjim osebam.<\/span><\/label>\n        <button type=\"submit\" class=\"submit-btn\" disabled>Po\u0161lji povpra\u0161evanje <span class=\"spinner\"><\/span><\/button>\n    <\/form>\n<\/div>\n\n<script src=\"https:\/\/www.google.com\/recaptcha\/api.js?render=6Lf8j4EsAAAAAAx2U3aCab_BmQ7b9O0am5E2OjVK\"><\/script>\n\n<script>\ndocument.addEventListener(\"DOMContentLoaded\", function(){\n    const form = document.querySelector(\".premium-form-ajax\");\n    const button = form.querySelector(\".submit-btn\");\n    const checkbox = form.querySelector(\".gdpr-check\");\n    const successBox = document.querySelector(\".premium-success\");\n    const errorBox = document.querySelector(\".premium-error\");\n    const spinner = button.querySelector(\".spinner\");\n\n    checkbox.addEventListener(\"change\", () => { button.disabled = !checkbox.checked; });\n\n    form.addEventListener(\"submit\", function(e){\n        e.preventDefault();\n        successBox.style.display=\"none\";\n        errorBox.style.display=\"none\";\n        spinner.style.display=\"inline-block\";\n        button.disabled=true;\n\n        grecaptcha.ready(function() {\n            grecaptcha.execute('6Lf8j4EsAAAAAAx2U3aCab_BmQ7b9O0am5E2OjVK', {action: 'submit'}).then(function(token) {\n                const data = new FormData(form);\n                data.append('action','premium_ajax_contact');\n                data.append('g-recaptcha-response', token);\n\n                fetch(\"https:\/\/tmdigitalmarketing.com\/wp-admin\/admin-ajax.php\", {\n                    method: 'POST',\n                    body: data\n                }).then(response => response.json())\n                .then(res => {\n                    spinner.style.display=\"none\";\n                    button.disabled = !checkbox.checked;\n                    if(res.success){\n                        successBox.style.display=\"block\";\n                        form.reset();\n                    } else {\n                        errorBox.style.display=\"block\";\n                    }\n                }).catch(() => {\n                    spinner.style.display=\"none\";\n                    errorBox.style.display=\"block\";\n                    button.disabled = !checkbox.checked;\n                });\n            });\n        });\n    });\n});\n<\/script>\n\n<\/div>\n\t\t\t\t\t\t<\/div>\n\t\t\t\t\t<\/div>\n\t\t<\/div>\n\t\t\t\t\t<\/div>\n\t\t<\/section>\n\t\t\t\t<section class=\"elementor-section elementor-top-section elementor-element elementor-element-0c38876 elementor-section-content-top elementor-section-boxed elementor-section-height-default elementor-section-height-default\" data-id=\"0c38876\" data-element_type=\"section\" data-e-type=\"section\">\n\t\t\t\t\t\t<div class=\"elementor-container elementor-column-gap-no\">\n\t\t\t\t\t<div class=\"elementor-column elementor-col-100 elementor-top-column elementor-element elementor-element-bd73610\" data-id=\"bd73610\" data-element_type=\"column\" data-e-type=\"column\">\n\t\t\t<div class=\"elementor-widget-wrap elementor-element-populated\">\n\t\t\t\t\t\t<div class=\"elementor-element elementor-element-74988d5 elementor-invisible elementor-widget elementor-widget-heading\" data-id=\"74988d5\" data-element_type=\"widget\" data-e-type=\"widget\" id=\"rezervacija\" data-settings=\"{&quot;_animation&quot;:&quot;slideInDown&quot;}\" data-widget_type=\"heading.default\">\n\t\t\t\t\t<h6 class=\"elementor-heading-title elementor-size-default\">Rezerviraj si svoj termin<\/h6>\t\t\t\t<\/div>\n\t\t\t\t<div class=\"elementor-element elementor-element-40218d0 elementor-invisible elementor-widget elementor-widget-heading\" data-id=\"40218d0\" data-element_type=\"widget\" data-e-type=\"widget\" data-settings=\"{&quot;_animation&quot;:&quot;slideInUp&quot;}\" data-widget_type=\"heading.default\">\n\t\t\t\t\t<h2 class=\"elementor-heading-title elementor-size-default\">Pridobite strokovno svetovanje in na\u010drt za va\u0161 uspeh.<\/h2>\t\t\t\t<\/div>\n\t\t\t\t<div class=\"elementor-element elementor-element-a4e3faf elementor-widget-divider--view-line elementor-invisible elementor-widget elementor-widget-divider\" data-id=\"a4e3faf\" data-element_type=\"widget\" data-e-type=\"widget\" data-settings=\"{&quot;_animation&quot;:&quot;rotateInUpLeft&quot;}\" data-widget_type=\"divider.default\">\n\t\t\t\t\t\t\t<div class=\"elementor-divider\">\n\t\t\t<span class=\"elementor-divider-separator\">\n\t\t\t\t\t\t<\/span>\n\t\t<\/div>\n\t\t\t\t\t\t<\/div>\n\t\t\t\t<div class=\"elementor-element elementor-element-996b72f elementor-invisible elementor-widget elementor-widget-text-editor\" data-id=\"996b72f\" data-element_type=\"widget\" data-e-type=\"widget\" data-settings=\"{&quot;_animation&quot;:&quot;slideInUp&quot;}\" data-widget_type=\"text-editor.default\">\n\t\t\t\t\t\t\t\t\t<p>Rezervirate si lahko 30 minutni brezpla\u010dni posvet. V spodnjem sistemu za rezervacije si enostavno izberite termin in uro, ki vam ustrezata. Na posvetu gremo \u010dez va\u0161e \u017elje in cilje.\u00a0<\/p>\t\t\t\t\t\t\t\t<\/div>\n\t\t\t\t<div class=\"elementor-element elementor-element-1b01499 elementor-widget elementor-widget-html\" data-id=\"1b01499\" data-element_type=\"widget\" data-e-type=\"widget\" data-settings=\"{&quot;_animation&quot;:&quot;none&quot;}\" data-widget_type=\"html.default\">\n\t\t\t\t\t<!-- Calendly inline widget begin -->\n<div class=\"calendly-inline-widget\" data-url=\"https:\/\/calendly.com\/tm-digitalmarketingservices\/30min\" style=\"width: 100%;max-width:1024px;height:900px;margin: 0 auto;\"><\/div>\n<script type=\"text\/javascript\" src=\"https:\/\/assets.calendly.com\/assets\/external\/widget.js\" async><\/script>\n<!-- Calendly inline widget end -->\t\t\t\t<\/div>\n\t\t\t\t\t<\/div>\n\t\t<\/div>\n\t\t\t\t\t<\/div>\n\t\t<\/section>\n\t\t\t\t<\/div>\n\t\t","protected":false},"excerpt":{"rendered":"<p>Stopite v stik z nami Kontakt Kreativnost, pripovedovanje zgodb in tehnologija so z nami v slu\u017ebi spletnih strani, ki izstopajo. Uresni\u010dimo va\u0161e sanje skupaj Ne oklevajte in stopite v stik z nami. Imate projekt, vpra\u0161anje ali idejo? Pi\u0161ite nam! Skupaj pripravimo digitalno strategijo, ki podpira va\u0161e poslovne cilje. Od prvega pogovora dalje vas vodimo skozi [&hellip;]<\/p>\n","protected":false},"author":2,"featured_media":0,"parent":0,"menu_order":0,"comment_status":"closed","ping_status":"closed","template":"","meta":{"site-sidebar-layout":"no-sidebar","site-content-layout":"page-builder","ast-site-content-layout":"full-width-container","site-content-style":"unboxed","site-sidebar-style":"unboxed","ast-global-header-display":"","ast-banner-title-visibility":"","ast-main-header-display":"","ast-hfb-above-header-display":"","ast-hfb-below-header-display":"","ast-hfb-mobile-header-display":"","site-post-title":"disabled","ast-breadcrumbs-content":"disabled","ast-featured-img":"disabled","footer-sml-layout":"","ast-disable-related-posts":"","theme-transparent-header-meta":"enabled","adv-header-id-meta":"","stick-header-meta":"","header-above-stick-meta":"","header-main-stick-meta":"","header-below-stick-meta":"","astra-migrate-meta-layouts":"set","ast-page-background-enabled":"default","ast-page-background-meta":{"desktop":{"background-color":"","background-image":"","background-repeat":"repeat","background-position":"center center","background-size":"auto","background-attachment":"scroll","background-type":"","background-media":"","overlay-type":"","overlay-color":"","overlay-opacity":"","overlay-gradient":""},"tablet":{"background-color":"","background-image":"","background-repeat":"repeat","background-position":"center center","background-size":"auto","background-attachment":"scroll","background-type":"","background-media":"","overlay-type":"","overlay-color":"","overlay-opacity":"","overlay-gradient":""},"mobile":{"background-color":"","background-image":"","background-repeat":"repeat","background-position":"center center","background-size":"auto","background-attachment":"scroll","background-type":"","background-media":"","overlay-type":"","overlay-color":"","overlay-opacity":"","overlay-gradient":""}},"ast-content-background-meta":{"desktop":{"background-color":"var(--ast-global-color-4)","background-image":"","background-repeat":"repeat","background-position":"center center","background-size":"auto","background-attachment":"scroll","background-type":"","background-media":"","overlay-type":"","overlay-color":"","overlay-opacity":"","overlay-gradient":""},"tablet":{"background-color":"var(--ast-global-color-4)","background-image":"","background-repeat":"repeat","background-position":"center center","background-size":"auto","background-attachment":"scroll","background-type":"","background-media":"","overlay-type":"","overlay-color":"","overlay-opacity":"","overlay-gradient":""},"mobile":{"background-color":"var(--ast-global-color-4)","background-image":"","background-repeat":"repeat","background-position":"center center","background-size":"auto","background-attachment":"scroll","background-type":"","background-media":"","overlay-type":"","overlay-color":"","overlay-opacity":"","overlay-gradient":""}},"footnotes":""},"class_list":["post-325","page","type-page","status-publish","hentry"],"_links":{"self":[{"href":"https:\/\/tmdigitalmarketing.com\/en\/wp-json\/wp\/v2\/pages\/325","targetHints":{"allow":["GET"]}}],"collection":[{"href":"https:\/\/tmdigitalmarketing.com\/en\/wp-json\/wp\/v2\/pages"}],"about":[{"href":"https:\/\/tmdigitalmarketing.com\/en\/wp-json\/wp\/v2\/types\/page"}],"author":[{"embeddable":true,"href":"https:\/\/tmdigitalmarketing.com\/en\/wp-json\/wp\/v2\/users\/2"}],"replies":[{"embeddable":true,"href":"https:\/\/tmdigitalmarketing.com\/en\/wp-json\/wp\/v2\/comments?post=325"}],"version-history":[{"count":148,"href":"https:\/\/tmdigitalmarketing.com\/en\/wp-json\/wp\/v2\/pages\/325\/revisions"}],"predecessor-version":[{"id":5243,"href":"https:\/\/tmdigitalmarketing.com\/en\/wp-json\/wp\/v2\/pages\/325\/revisions\/5243"}],"wp:attachment":[{"href":"https:\/\/tmdigitalmarketing.com\/en\/wp-json\/wp\/v2\/media?parent=325"}],"curies":[{"name":"wp","href":"https:\/\/api.w.org\/{rel}","templated":true}]}}