{"id":3312,"date":"2026-02-15T09:21:50","date_gmt":"2026-02-15T08:21:50","guid":{"rendered":"https:\/\/tmdigitalmarketing.com\/?page_id=3312"},"modified":"2026-04-17T08:47:40","modified_gmt":"2026-04-17T06:47:40","slug":"blog","status":"publish","type":"page","link":"https:\/\/tmdigitalmarketing.com\/en\/blog\/","title":{"rendered":"Blog"},"content":{"rendered":"<div data-elementor-type=\"wp-page\" data-elementor-id=\"3312\" class=\"elementor elementor-3312\" data-elementor-post-type=\"page\">\n\t\t\t\t\t\t<section class=\"elementor-section elementor-top-section elementor-element elementor-element-a37dad3 elementor-section-height-min-height elementor-section-items-bottom elementor-section-boxed elementor-section-height-default\" data-id=\"a37dad3\" data-element_type=\"section\" data-e-type=\"section\" data-settings=\"{&quot;background_background&quot;:&quot;classic&quot;}\">\n\t\t\t\t\t\t\t<div class=\"elementor-background-overlay\"><\/div>\n\t\t\t\t\t\t\t<div class=\"elementor-container elementor-column-gap-no\">\n\t\t\t\t\t<div class=\"elementor-column elementor-col-100 elementor-top-column elementor-element elementor-element-2c37e05\" data-id=\"2c37e05\" data-element_type=\"column\" data-e-type=\"column\">\n\t\t\t<div class=\"elementor-widget-wrap elementor-element-populated\">\n\t\t\t\t\t\t<div class=\"elementor-element elementor-element-23a4298 elementor-widget elementor-widget-heading\" data-id=\"23a4298\" data-element_type=\"widget\" data-e-type=\"widget\" data-widget_type=\"heading.default\">\n\t\t\t\t\t<h6 class=\"elementor-heading-title elementor-size-default\">Our Stories<\/h6>\t\t\t\t<\/div>\n\t\t\t\t<div class=\"elementor-element elementor-element-0885b5d elementor-widget elementor-widget-heading\" data-id=\"0885b5d\" data-element_type=\"widget\" data-e-type=\"widget\" data-widget_type=\"heading.default\">\n\t\t\t\t\t<h1 class=\"elementor-heading-title elementor-size-default\">Blog<\/h1>\t\t\t\t<\/div>\n\t\t\t\t<div class=\"elementor-element elementor-element-256c9c5 elementor-widget elementor-widget-heading\" data-id=\"256c9c5\" data-element_type=\"widget\" data-e-type=\"widget\" data-widget_type=\"heading.default\">\n\t\t\t\t\t<div class=\"elementor-heading-title elementor-size-default\">Creativity, storytelling, and technology come together in our work to create websites that stand out.<\/div>\t\t\t\t<\/div>\n\t\t\t\t\t<\/div>\n\t\t<\/div>\n\t\t\t\t\t<\/div>\n\t\t<\/section>\n\t\t\t\t<section class=\"elementor-section elementor-top-section elementor-element elementor-element-055bf0d elementor-section-boxed elementor-section-height-default elementor-section-height-default\" data-id=\"055bf0d\" data-element_type=\"section\" data-e-type=\"section\" data-settings=\"{&quot;background_background&quot;:&quot;classic&quot;}\">\n\t\t\t\t\t\t<div class=\"elementor-container elementor-column-gap-no\">\n\t\t\t\t\t<div class=\"elementor-column elementor-col-100 elementor-top-column elementor-element elementor-element-1b66c8a\" data-id=\"1b66c8a\" data-element_type=\"column\" data-e-type=\"column\">\n\t\t\t<div class=\"elementor-widget-wrap elementor-element-populated\">\n\t\t\t\t\t\t<div class=\"elementor-element elementor-element-174119a elementor-widget elementor-widget-heading\" data-id=\"174119a\" data-element_type=\"widget\" data-e-type=\"widget\" data-widget_type=\"heading.default\">\n\t\t\t\t\t<h5 class=\"elementor-heading-title elementor-size-default\">Read our blog posts<\/h5>\t\t\t\t<\/div>\n\t\t\t\t<div class=\"elementor-element elementor-element-f13a804 elementor-widget__width-initial elementor-widget elementor-widget-text-editor\" data-id=\"f13a804\" data-element_type=\"widget\" data-e-type=\"widget\" data-widget_type=\"text-editor.default\">\n\t\t\t\t\t\t\t\t\t<p>Take some time to explore the world of modern websites and digital presence. This blog is for anyone who wants to understand how a website and the use of social media as channels can together become an effective tool for business growth.<\/p>\t\t\t\t\t\t\t\t<\/div>\n\t\t\t\t<div class=\"elementor-element elementor-element-f06b930 elementor-widget elementor-widget-uael-posts\" data-id=\"f06b930\" data-element_type=\"widget\" data-e-type=\"widget\" data-settings=\"{&quot;classic_slides_to_show_tablet&quot;:1,&quot;classic_slides_to_show&quot;:3,&quot;classic_slides_to_show_mobile&quot;:1,&quot;classic_show_filters&quot;:&quot;no&quot;}\" data-widget_type=\"uael-posts.classic\">\n\t\t\t\t<div class=\"elementor-widget-container\">\n\t\t\t\t\t\t\t<div class=\"uael-post__header\">\n\t\t\t\t\t<\/div>\n\t\t<div class=\"uael-post__body\">\n\t\t\t\n\t\t\n\t\t<div class=\"uael-blog-terms-position-above_content uael-post-image-top uael-post-grid uael-posts\" data-query-type=\"custom\" data-structure=\"normal\" data-layout=\"\" data-page=\"3312\" data-skin=\"classic\" data-filter-default=\"\" data-offset-top=\"30\" >\n\n\t\t\t\t\t\t\t<div class=\"uael-post-grid__inner uael-post__columns-3 uael-post__columns-tablet-1 uael-post__columns-mobile-1\">\n\t\t\t\n<div class=\"uael-post-wrapper   blog\">\n\t<div class=\"uael-post__bg-wrap uael-bg-wrap-disabled\">\n\n\t\t\t\t\n\t\t<div class=\"uael-post__inner-wrap uael-inner-wrap-disabled\">\n\n\t\t\t\t<div class=\"uael-post__thumbnail\">\n\t\t\t\n\t\t\t<a href=\"https:\/\/tmdigitalmarketing.com\/en\/kako-napisati-ucinkovito-blog-objavo\/\" target=\"_self\" title=\"How do you write an effective blog post?\"><img fetchpriority=\"high\" decoding=\"async\" width=\"960\" height=\"640\" src=\"https:\/\/tmdigitalmarketing.com\/wp-content\/uploads\/2026\/03\/Fotografije-blog-TM-Digital-Marketing.jpg\" class=\"attachment-full size-full wp-image-4695\" alt=\"Bele\u017eka s kulijem in roke, ki tipkajo na ra\u010dunalniku, priprave na pisanje bloga\" srcset=\"https:\/\/tmdigitalmarketing.com\/wp-content\/uploads\/2026\/03\/Fotografije-blog-TM-Digital-Marketing.jpg 960w, https:\/\/tmdigitalmarketing.com\/wp-content\/uploads\/2026\/03\/Fotografije-blog-TM-Digital-Marketing-300x200.jpg 300w, https:\/\/tmdigitalmarketing.com\/wp-content\/uploads\/2026\/03\/Fotografije-blog-TM-Digital-Marketing-768x512.jpg 768w\" sizes=\"(max-width: 960px) 100vw, 960px\" \/><\/a>\n\t\t\t\t\t<\/div>\n\t\t\n\t\t\t\n\t\t\t<div class=\"uael-post__content-wrap uael-content-wrap-disabled\">\n\t\t\t\t\t\t\t<div class=\"uael-post__terms-wrap\"><span class=\"uael-post__terms\"><span class=\"uael-listing__terms-link\">Blog<\/span><\/span><\/div>\n\t\t\t\t\t\t<h3 class=\"uael-post__title\">\n\n\t\t\n\t\t\t\t\t\t<a href=\"https:\/\/tmdigitalmarketing.com\/en\/kako-napisati-ucinkovito-blog-objavo\/\" target=\"_self\">\n\t\t\t\tHow do you write an effective blog post?\t\t\t<\/a>\n\n\t\t\t\t<\/h3>\n\t\t\t\t\t<div class=\"uael-post__meta-data\">\n\t\t\t\t\t<\/div>\n\t\t\n\t\t<div class=\"uael-post__excerpt\">\n\t\t\tWriting an effective blog is an important part of a successful online strategy. A well-crafted blog post helps build your credibility and improves your online visibility...\t\t<\/div>\n\n\t\t\t\t\t<a class=\"uael-post__read-more elementor-button\" href=\"https:\/\/tmdigitalmarketing.com\/en\/kako-napisati-ucinkovito-blog-objavo\/\" target=\"_self\" aria-labelledby=\"uael-post-4691\">\n\t\t\t\t\t<span class=\"elementor-button-content-wrapper\">\n\t\t\t\t\t\t\t\t\t\t\t\t\t\t<span class=\"elementor-button-icon elementor-align-icon-left\">\n\n\t\t\t\t\t\t\t\t\t\n\t\t\t\t\t\t\t\t<\/span>\n\t\t\t\t\t\t\t\t\t\t\t\t\t\n\t\t\t\t\t\t<span class=\"elementor-button-text\" id=\"uael-post-4691\">Read more \u2192<\/span>\n\t\t\t\t\t<\/span>\n\t\t\t\t<\/a>\n\t\t\t\t\t\t<\/div>\n\t\t\t\n\t\t<\/div>\n\t\t\n\t<\/div>\n\n<\/div>\n\n<div class=\"uael-post-wrapper   spletne-strani\">\n\t<div class=\"uael-post__bg-wrap uael-bg-wrap-disabled\">\n\n\t\t\t\t\n\t\t<div class=\"uael-post__inner-wrap uael-inner-wrap-disabled\">\n\n\t\t\t\t<div class=\"uael-post__thumbnail\">\n\t\t\t\n\t\t\t<a href=\"https:\/\/tmdigitalmarketing.com\/en\/koliko-stane-spletna-stran-poceni-je-drazje\/\" target=\"_self\" title=\"How much does a website cost, and why a cheap option can end up being more expensive\"><img decoding=\"async\" width=\"960\" height=\"640\" src=\"https:\/\/tmdigitalmarketing.com\/wp-content\/uploads\/2026\/03\/Koliko-stane-spletna-stran-in-zakaj-je-poceni-lahko-na-koncu-drazja-izbira.jpg\" class=\"attachment-full size-full wp-image-4731\" alt=\"Infografika prikazuje razliko med ceno in vrednostjo spletne strani ter zakaj poceni re\u0161itev lahko na koncu stane ve\u010d.\" srcset=\"https:\/\/tmdigitalmarketing.com\/wp-content\/uploads\/2026\/03\/Koliko-stane-spletna-stran-in-zakaj-je-poceni-lahko-na-koncu-drazja-izbira.jpg 960w, https:\/\/tmdigitalmarketing.com\/wp-content\/uploads\/2026\/03\/Koliko-stane-spletna-stran-in-zakaj-je-poceni-lahko-na-koncu-drazja-izbira-300x200.jpg 300w, https:\/\/tmdigitalmarketing.com\/wp-content\/uploads\/2026\/03\/Koliko-stane-spletna-stran-in-zakaj-je-poceni-lahko-na-koncu-drazja-izbira-768x512.jpg 768w\" sizes=\"(max-width: 960px) 100vw, 960px\" \/><\/a>\n\t\t\t\t\t<\/div>\n\t\t\n\t\t\t\n\t\t\t<div class=\"uael-post__content-wrap uael-content-wrap-disabled\">\n\t\t\t\t\t\t\t<div class=\"uael-post__terms-wrap\"><span class=\"uael-post__terms\"><span class=\"uael-listing__terms-link\">Websites<\/span><\/span><\/div>\n\t\t\t\t\t\t<h3 class=\"uael-post__title\">\n\n\t\t\n\t\t\t\t\t\t<a href=\"https:\/\/tmdigitalmarketing.com\/en\/koliko-stane-spletna-stran-poceni-je-drazje\/\" target=\"_self\">\n\t\t\t\tHow much does a website cost, and why a cheap option can end up being more expensive\t\t\t<\/a>\n\n\t\t\t\t<\/h3>\n\t\t\t\t\t<div class=\"uael-post__meta-data\">\n\t\t\t\t\t<\/div>\n\t\t\n\t\t<div class=\"uael-post__excerpt\">\n\t\t\tYour website should be an investment that attracts the right customers and ultimately pays off\u2014the right customers...\t\t<\/div>\n\n\t\t\t\t\t<a class=\"uael-post__read-more elementor-button\" href=\"https:\/\/tmdigitalmarketing.com\/en\/koliko-stane-spletna-stran-poceni-je-drazje\/\" target=\"_self\" aria-labelledby=\"uael-post-4730\">\n\t\t\t\t\t<span class=\"elementor-button-content-wrapper\">\n\t\t\t\t\t\t\t\t\t\t\t\t\t\t<span class=\"elementor-button-icon elementor-align-icon-left\">\n\n\t\t\t\t\t\t\t\t\t\n\t\t\t\t\t\t\t\t<\/span>\n\t\t\t\t\t\t\t\t\t\t\t\t\t\n\t\t\t\t\t\t<span class=\"elementor-button-text\" id=\"uael-post-4730\">Read more \u2192<\/span>\n\t\t\t\t\t<\/span>\n\t\t\t\t<\/a>\n\t\t\t\t\t\t<\/div>\n\t\t\t\n\t\t<\/div>\n\t\t\n\t<\/div>\n\n<\/div>\n\n<div class=\"uael-post-wrapper   spletne-strani\">\n\t<div class=\"uael-post__bg-wrap uael-bg-wrap-disabled\">\n\n\t\t\t\t\n\t\t<div class=\"uael-post__inner-wrap uael-inner-wrap-disabled\">\n\n\t\t\t\t<div class=\"uael-post__thumbnail\">\n\t\t\t\n\t\t\t<a href=\"https:\/\/tmdigitalmarketing.com\/en\/najvecji-trendi-pri-razvoju-spletnih-strani-v-2026\/\" target=\"_self\" title=\"Top Trends in Web Development in 2026\"><img decoding=\"async\" width=\"960\" height=\"640\" src=\"https:\/\/tmdigitalmarketing.com\/wp-content\/uploads\/2026\/03\/Najvecji-trendi-pri-razvoju-spletnih-strani-v-2026-3.jpg\" class=\"attachment-full size-full wp-image-4760\" alt=\"Ra\u010dunalnik s prikazano moderno spletno stranjo in trendi web designa za leto 2026.\" srcset=\"https:\/\/tmdigitalmarketing.com\/wp-content\/uploads\/2026\/03\/Najvecji-trendi-pri-razvoju-spletnih-strani-v-2026-3.jpg 960w, https:\/\/tmdigitalmarketing.com\/wp-content\/uploads\/2026\/03\/Najvecji-trendi-pri-razvoju-spletnih-strani-v-2026-3-300x200.jpg 300w, https:\/\/tmdigitalmarketing.com\/wp-content\/uploads\/2026\/03\/Najvecji-trendi-pri-razvoju-spletnih-strani-v-2026-3-768x512.jpg 768w\" sizes=\"(max-width: 960px) 100vw, 960px\" \/><\/a>\n\t\t\t\t\t<\/div>\n\t\t\n\t\t\t\n\t\t\t<div class=\"uael-post__content-wrap uael-content-wrap-disabled\">\n\t\t\t\t\t\t\t<div class=\"uael-post__terms-wrap\"><span class=\"uael-post__terms\"><span class=\"uael-listing__terms-link\">Websites<\/span><\/span><\/div>\n\t\t\t\t\t\t<h3 class=\"uael-post__title\">\n\n\t\t\n\t\t\t\t\t\t<a href=\"https:\/\/tmdigitalmarketing.com\/en\/najvecji-trendi-pri-razvoju-spletnih-strani-v-2026\/\" target=\"_self\">\n\t\t\t\tTop Trends in Web Development in 2026\t\t\t<\/a>\n\n\t\t\t\t<\/h3>\n\t\t\t\t\t<div class=\"uael-post__meta-data\">\n\t\t\t\t\t<\/div>\n\t\t\n\t\t<div class=\"uael-post__excerpt\">\n\t\t\tWeb design trends aren't an end in themselves; their main purpose is to create a website that works...\t\t<\/div>\n\n\t\t\t\t\t<a class=\"uael-post__read-more elementor-button\" href=\"https:\/\/tmdigitalmarketing.com\/en\/najvecji-trendi-pri-razvoju-spletnih-strani-v-2026\/\" target=\"_self\" aria-labelledby=\"uael-post-4450\">\n\t\t\t\t\t<span class=\"elementor-button-content-wrapper\">\n\t\t\t\t\t\t\t\t\t\t\t\t\t\t<span class=\"elementor-button-icon elementor-align-icon-left\">\n\n\t\t\t\t\t\t\t\t\t\n\t\t\t\t\t\t\t\t<\/span>\n\t\t\t\t\t\t\t\t\t\t\t\t\t\n\t\t\t\t\t\t<span class=\"elementor-button-text\" id=\"uael-post-4450\">Read more \u2192<\/span>\n\t\t\t\t\t<\/span>\n\t\t\t\t<\/a>\n\t\t\t\t\t\t<\/div>\n\t\t\t\n\t\t<\/div>\n\t\t\n\t<\/div>\n\n<\/div>\n\n<div class=\"uael-post-wrapper   spletne-strani\">\n\t<div class=\"uael-post__bg-wrap uael-bg-wrap-disabled\">\n\n\t\t\t\t\n\t\t<div class=\"uael-post__inner-wrap uael-inner-wrap-disabled\">\n\n\t\t\t\t<div class=\"uael-post__thumbnail\">\n\t\t\t\n\t\t\t<a href=\"https:\/\/tmdigitalmarketing.com\/en\/dodatni-stroski-postavitve-spletne-strani\/\" target=\"_self\" title=\"Additional costs associated with setting up a website\"><img loading=\"lazy\" decoding=\"async\" width=\"960\" height=\"640\" src=\"https:\/\/tmdigitalmarketing.com\/wp-content\/uploads\/2026\/03\/Kaj-vse-spada-med-dodatne-stroske.jpg\" class=\"attachment-full size-full wp-image-4759\" alt=\"Infografika prikazuje dodatne stro\u0161ke pri izdelavi spletne strani, kot so hosting, domena, vzdr\u017eevanje in nadgradnje.\" srcset=\"https:\/\/tmdigitalmarketing.com\/wp-content\/uploads\/2026\/03\/Kaj-vse-spada-med-dodatne-stroske.jpg 960w, https:\/\/tmdigitalmarketing.com\/wp-content\/uploads\/2026\/03\/Kaj-vse-spada-med-dodatne-stroske-300x200.jpg 300w, https:\/\/tmdigitalmarketing.com\/wp-content\/uploads\/2026\/03\/Kaj-vse-spada-med-dodatne-stroske-768x512.jpg 768w\" sizes=\"(max-width: 960px) 100vw, 960px\" \/><\/a>\n\t\t\t\t\t<\/div>\n\t\t\n\t\t\t\n\t\t\t<div class=\"uael-post__content-wrap uael-content-wrap-disabled\">\n\t\t\t\t\t\t\t<div class=\"uael-post__terms-wrap\"><span class=\"uael-post__terms\"><span class=\"uael-listing__terms-link\">Websites<\/span><\/span><\/div>\n\t\t\t\t\t\t<h3 class=\"uael-post__title\">\n\n\t\t\n\t\t\t\t\t\t<a href=\"https:\/\/tmdigitalmarketing.com\/en\/dodatni-stroski-postavitve-spletne-strani\/\" target=\"_self\">\n\t\t\t\tAdditional costs associated with setting up a website\t\t\t<\/a>\n\n\t\t\t\t<\/h3>\n\t\t\t\t\t<div class=\"uael-post__meta-data\">\n\t\t\t\t\t<\/div>\n\t\t\n\t\t<div class=\"uael-post__excerpt\">\n\t\t\tIn this post, you\u2019ll learn what additional costs are and why they must be paid separately. When it comes to the cost of production...\t\t<\/div>\n\n\t\t\t\t\t<a class=\"uael-post__read-more elementor-button\" href=\"https:\/\/tmdigitalmarketing.com\/en\/dodatni-stroski-postavitve-spletne-strani\/\" target=\"_self\" aria-labelledby=\"uael-post-4749\">\n\t\t\t\t\t<span class=\"elementor-button-content-wrapper\">\n\t\t\t\t\t\t\t\t\t\t\t\t\t\t<span class=\"elementor-button-icon elementor-align-icon-left\">\n\n\t\t\t\t\t\t\t\t\t\n\t\t\t\t\t\t\t\t<\/span>\n\t\t\t\t\t\t\t\t\t\t\t\t\t\n\t\t\t\t\t\t<span class=\"elementor-button-text\" id=\"uael-post-4749\">Read more \u2192<\/span>\n\t\t\t\t\t<\/span>\n\t\t\t\t<\/a>\n\t\t\t\t\t\t<\/div>\n\t\t\t\n\t\t<\/div>\n\t\t\n\t<\/div>\n\n<\/div>\n\t\t\t\t<\/div>\n\t\t\t\t\t\t\n\t\t<\/div>\n\n\t\t\t\t\t\t<\/div>\n\t\t<div class=\"uael-post__footer\">\n\t\t\t\t\t<\/div>\n\t\t\t\t\t\t<\/div>\n\t\t\t\t<\/div>\n\t\t\t\t\t<\/div>\n\t\t<\/div>\n\t\t\t\t\t<\/div>\n\t\t<\/section>\n\t\t\t\t<\/div>","protected":false},"excerpt":{"rendered":"<p>Na\u0161e zgodbe Blog Kreativnost, pripovedovanje zgodb in tehnologija so z nami v slu\u017ebi spletnih strani, ki izstopajo. Preberite na\u0161e blog prispevke Vzemite si \u010das in razi\u0161\u010dite svet sodobnih spletnih strani ter digitalne prisotnosti. Blog je namenjen vsem, ki \u017eelijo razumeti, kako lahko spletna stran in uporaba dru\u017ebenih omre\u017eij kot kanalov skupaj postaneta u\u010dinkovito orodje za [&hellip;]<\/p>\n","protected":false},"author":1,"featured_media":0,"parent":0,"menu_order":0,"comment_status":"closed","ping_status":"closed","template":"","meta":{"site-sidebar-layout":"no-sidebar","site-content-layout":"page-builder","ast-site-content-layout":"full-width-container","site-content-style":"unboxed","site-sidebar-style":"unboxed","ast-global-header-display":"","ast-banner-title-visibility":"","ast-main-header-display":"","ast-hfb-above-header-display":"","ast-hfb-below-header-display":"","ast-hfb-mobile-header-display":"","site-post-title":"disabled","ast-breadcrumbs-content":"disabled","ast-featured-img":"disabled","footer-sml-layout":"","ast-disable-related-posts":"","theme-transparent-header-meta":"enabled","adv-header-id-meta":"","stick-header-meta":"","header-above-stick-meta":"","header-main-stick-meta":"","header-below-stick-meta":"","astra-migrate-meta-layouts":"set","ast-page-background-enabled":"default","ast-page-background-meta":{"desktop":{"background-color":"","background-image":"","background-repeat":"repeat","background-position":"center center","background-size":"auto","background-attachment":"scroll","background-type":"","background-media":"","overlay-type":"","overlay-color":"","overlay-opacity":"","overlay-gradient":""},"tablet":{"background-color":"","background-image":"","background-repeat":"repeat","background-position":"center center","background-size":"auto","background-attachment":"scroll","background-type":"","background-media":"","overlay-type":"","overlay-color":"","overlay-opacity":"","overlay-gradient":""},"mobile":{"background-color":"","background-image":"","background-repeat":"repeat","background-position":"center center","background-size":"auto","background-attachment":"scroll","background-type":"","background-media":"","overlay-type":"","overlay-color":"","overlay-opacity":"","overlay-gradient":""}},"ast-content-background-meta":{"desktop":{"background-color":"var(--ast-global-color-4)","background-image":"","background-repeat":"repeat","background-position":"center center","background-size":"auto","background-attachment":"scroll","background-type":"","background-media":"","overlay-type":"","overlay-color":"","overlay-opacity":"","overlay-gradient":""},"tablet":{"background-color":"var(--ast-global-color-4)","background-image":"","background-repeat":"repeat","background-position":"center center","background-size":"auto","background-attachment":"scroll","background-type":"","background-media":"","overlay-type":"","overlay-color":"","overlay-opacity":"","overlay-gradient":""},"mobile":{"background-color":"var(--ast-global-color-4)","background-image":"","background-repeat":"repeat","background-position":"center center","background-size":"auto","background-attachment":"scroll","background-type":"","background-media":"","overlay-type":"","overlay-color":"","overlay-opacity":"","overlay-gradient":""}},"footnotes":""},"class_list":["post-3312","page","type-page","status-publish","hentry"],"_links":{"self":[{"href":"https:\/\/tmdigitalmarketing.com\/en\/wp-json\/wp\/v2\/pages\/3312","targetHints":{"allow":["GET"]}}],"collection":[{"href":"https:\/\/tmdigitalmarketing.com\/en\/wp-json\/wp\/v2\/pages"}],"about":[{"href":"https:\/\/tmdigitalmarketing.com\/en\/wp-json\/wp\/v2\/types\/page"}],"author":[{"embeddable":true,"href":"https:\/\/tmdigitalmarketing.com\/en\/wp-json\/wp\/v2\/users\/1"}],"replies":[{"embeddable":true,"href":"https:\/\/tmdigitalmarketing.com\/en\/wp-json\/wp\/v2\/comments?post=3312"}],"version-history":[{"count":47,"href":"https:\/\/tmdigitalmarketing.com\/en\/wp-json\/wp\/v2\/pages\/3312\/revisions"}],"predecessor-version":[{"id":5246,"href":"https:\/\/tmdigitalmarketing.com\/en\/wp-json\/wp\/v2\/pages\/3312\/revisions\/5246"}],"wp:attachment":[{"href":"https:\/\/tmdigitalmarketing.com\/en\/wp-json\/wp\/v2\/media?parent=3312"}],"curies":[{"name":"wp","href":"https:\/\/api.w.org\/{rel}","templated":true}]}}